{"id":103,"date":"2020-04-29T10:26:44","date_gmt":"2020-04-29T10:26:44","guid":{"rendered":"https:\/\/old4.commonsupport.com\/zentec\/?page_id=103"},"modified":"2023-05-16T21:09:52","modified_gmt":"2023-05-16T21:09:52","slug":"nos-actualites","status":"publish","type":"page","link":"https:\/\/college-international-afnic.org\/?page_id=103","title":{"rendered":"Nos actualit\u00e9s"},"content":{"rendered":"\t\t<div data-elementor-type=\"wp-page\" data-elementor-id=\"103\" class=\"elementor elementor-103\">\n\t\t\t\t\t\t\t\t\t<section class=\"elementor-section elementor-top-section elementor-element elementor-element-14993c7b elementor-section-full_width elementor-section-stretched elementor-section-height-default elementor-section-height-default\" data-id=\"14993c7b\" data-element_type=\"section\" data-settings=\"{&quot;stretch_section&quot;:&quot;section-stretched&quot;}\">\n\t\t\t\t\t\t<div class=\"elementor-container elementor-column-gap-no\">\n\t\t\t\t\t<div class=\"elementor-column elementor-col-100 elementor-top-column elementor-element elementor-element-3bf0f49f\" data-id=\"3bf0f49f\" data-element_type=\"column\">\n\t\t\t<div class=\"elementor-widget-wrap elementor-element-populated\">\n\t\t\t\t\t\t\t\t<div class=\"elementor-element elementor-element-1875b58e elementor-widget elementor-widget-zentec_page_title\" data-id=\"1875b58e\" data-element_type=\"widget\" data-widget_type=\"zentec_page_title.default\">\n\t\t\t\t<div class=\"elementor-widget-container\">\n\t\t\t<section class=\" inner-banner\">\n\t<div class=\"banner-curve\" style=\"background-image: url(https:\/\/college-international-afnic.org\/wp-content\/uploads\/2020\/04\/banner-curve.png);\"><\/div>\n\t<div class=\"auto-container\">\n\t\t<div class=\"inner\">\n\t\t\t<div class=\"theme-icon\" style=\"background-image: url(https:\/\/college-international-afnic.org\/wp-content\/uploads\/2020\/04\/theme-icon-5.png);\"><\/div>\n\t\t\t<div class=\"title-box\">\n\t\t\t\t<h1>Nos Actualit\u00e9s<\/h1>\n\t\t\t\t<div class=\"d-text\">D\u00e9couvrez les derni\u00e8res actualit\u00e9s du Coll\u00e8ge international de l'AFNIC<\/div>\n\t\t\t<\/div>\n\t\t<\/div>\n\t<\/div>\n<\/section>\n\t\t\t\t<\/div>\n\t\t\t\t<\/div>\n\t\t\t\t\t<\/div>\n\t\t<\/div>\n\t\t\t\t\t\t\t<\/div>\n\t\t<\/section>\n\t\t\t\t<section class=\"elementor-section elementor-top-section elementor-element elementor-element-a3b297b elementor-section-stretched elementor-section-full_width elementor-section-height-default elementor-section-height-default\" data-id=\"a3b297b\" data-element_type=\"section\" data-settings=\"{&quot;stretch_section&quot;:&quot;section-stretched&quot;}\">\n\t\t\t\t\t\t<div class=\"elementor-container elementor-column-gap-no\">\n\t\t\t\t\t<div class=\"elementor-column elementor-col-100 elementor-top-column elementor-element elementor-element-04e21b2\" data-id=\"04e21b2\" data-element_type=\"column\">\n\t\t\t<div class=\"elementor-widget-wrap elementor-element-populated\">\n\t\t\t\t\t\t\t\t<div class=\"elementor-element elementor-element-53b639e elementor-widget elementor-widget-zentec_blog_grid\" data-id=\"53b639e\" data-element_type=\"widget\" data-widget_type=\"zentec_blog_grid.default\">\n\t\t\t\t<div class=\"elementor-widget-container\">\n\t\t\t<section class=\" news-section blog-grid\">\n        <div class=\"auto-container\">\n            <div class=\"row clearfix\">\n                \n\t\t\t\t\t\t\t\t\t\n                    <div class=\"news-block col-lg-4 col-md-6 col-sm-12\">\n                        <div class=\"inner-box wow fadeInUp\" data-wow-delay=\"0ms\" data-wow-duration=\"1500ms\">\n                            <div class=\"image-box\">\n                                <a href=\"https:\/\/college-international-afnic.org\/?p=3027\">\n\t\t\t\t\t\t\t\t\n\t\t\t\t\t\t\t\t\t\t\t\t\t\t\t\t<img loading=\"lazy\" decoding=\"async\" width=\"355\" height=\"355\" src=\"https:\/\/college-international-afnic.org\/wp-content\/uploads\/2025\/06\/ican.jpg\" class=\"attachment-post-thumbnail size-post-thumbnail wp-post-image\" alt=\"\" srcset=\"https:\/\/college-international-afnic.org\/wp-content\/uploads\/2025\/06\/ican.jpg 355w, https:\/\/college-international-afnic.org\/wp-content\/uploads\/2025\/06\/ican-300x300.jpg 300w, https:\/\/college-international-afnic.org\/wp-content\/uploads\/2025\/06\/ican-150x150.jpg 150w, https:\/\/college-international-afnic.org\/wp-content\/uploads\/2025\/06\/ican-80x80.jpg 80w, https:\/\/college-international-afnic.org\/wp-content\/uploads\/2025\/06\/ican-100x100.jpg 100w\" sizes=\"auto, (max-width: 355px) 100vw, 355px\" \/>\t\t\t\t\t\t\t\t\t\t\t\t\t\t\t\t\n\t\t\t\t\t\t\t\t<\/a>\n                            <\/div>\n                            <div class=\"lower-box\">\n                                <div class=\"category\"><\/div>\n                                <h3><a href=\"https:\/\/college-international-afnic.org\/?p=3027\">\ud83c\udf10 ICANN83 : Forum de politique \u00e0 Prague \u2013 Une rencontre cl\u00e9 pour les registres de ccTLD<\/a><\/h3>\n                                <div class=\"meta-info\">\n                                    <ul class=\"clearfix\">\n                                        <li><a href=\"https:\/\/college-international-afnic.org\/?p=3027\">By College afnic<\/a><\/li>\n                                        <li><a href=\"https:\/\/college-international-afnic.org\/?p=3027\">juin 3, 2025<\/a><\/li>\n                                    <\/ul>\n                                <\/div>\n                                <div class=\"more-link\"><a href=\"https:\/\/college-international-afnic.org\/?p=3027\"><span class=\"fa fa-arrow-right\"><\/span><\/a><\/div>\n                            <\/div>\n                        <\/div>\n                    <\/div>\n                    \n\t\t\t\t\t\t\t\t\t\t\n                    <div class=\"news-block col-lg-4 col-md-6 col-sm-12\">\n                        <div class=\"inner-box wow fadeInUp\" data-wow-delay=\"0ms\" data-wow-duration=\"1500ms\">\n                            <div class=\"image-box\">\n                                <a href=\"https:\/\/college-international-afnic.org\/?p=3026\">\n\t\t\t\t\t\t\t\t\n\t\t\t\t\t\t\t\t\t\t\t\t\t\t\t\t\t\t\t\t\t\t\t\t\t\t\t\t\t\t\t\t\n\t\t\t\t\t\t\t\t<\/a>\n                            <\/div>\n                            <div class=\"lower-box\">\n                                <div class=\"category\"><\/div>\n                                <h3><a href=\"https:\/\/college-international-afnic.org\/?p=3026\">\ud83d\uddf3\ufe0f Assembl\u00e9e G\u00e9n\u00e9rale de l&rsquo;AFNIC : \u00c9lection du Repr\u00e9sentant du Coll\u00e8ge International au Conseil d&rsquo;Administration<\/a><\/h3>\n                                <div class=\"meta-info\">\n                                    <ul class=\"clearfix\">\n                                        <li><a href=\"https:\/\/college-international-afnic.org\/?p=3026\">By College afnic<\/a><\/li>\n                                        <li><a href=\"https:\/\/college-international-afnic.org\/?p=3026\">juin 3, 2025<\/a><\/li>\n                                    <\/ul>\n                                <\/div>\n                                <div class=\"more-link\"><a href=\"https:\/\/college-international-afnic.org\/?p=3026\"><span class=\"fa fa-arrow-right\"><\/span><\/a><\/div>\n                            <\/div>\n                        <\/div>\n                    <\/div>\n                    \n\t\t\t\t\t\t\t\t\t\t\n                    <div class=\"news-block col-lg-4 col-md-6 col-sm-12\">\n                        <div class=\"inner-box wow fadeInUp\" data-wow-delay=\"0ms\" data-wow-duration=\"1500ms\">\n                            <div class=\"image-box\">\n                                <a href=\"https:\/\/college-international-afnic.org\/?p=2899\">\n\t\t\t\t\t\t\t\t\n\t\t\t\t\t\t\t\t\t\t\t\t\t\t\t\t<img decoding=\"async\" src=\"https:\/\/college-international-afnic.org\/wp-content\/uploads\/2023\/05\/image1-1.png\" alt=\"\" title=\"\">\n\t\t\t\t\t\t\t\t\t\t\t\t\t\t\t\t\n\t\t\t\t\t\t\t\t<\/a>\n                            <\/div>\n                            <div class=\"lower-box\">\n                                <div class=\"category\"><\/div>\n                                <h3><a href=\"https:\/\/college-international-afnic.org\/?p=2899\">10\u00e8me AFRICA DNS FORUM &#8211; 5 au 6 octobre 2022 &#8211; NAIROBI, KENYA<\/a><\/h3>\n                                <div class=\"meta-info\">\n                                    <ul class=\"clearfix\">\n                                        <li><a href=\"https:\/\/college-international-afnic.org\/?p=2899\">By admin<\/a><\/li>\n                                        <li><a href=\"https:\/\/college-international-afnic.org\/?p=2899\">mai 23, 2023<\/a><\/li>\n                                    <\/ul>\n                                <\/div>\n                                <div class=\"more-link\"><a href=\"https:\/\/college-international-afnic.org\/?p=2899\"><span class=\"fa fa-arrow-right\"><\/span><\/a><\/div>\n                            <\/div>\n                        <\/div>\n                    <\/div>\n                    \n\t\t\t\t\t\t\t\t\t\t\n                    <div class=\"news-block col-lg-4 col-md-6 col-sm-12\">\n                        <div class=\"inner-box wow fadeInUp\" data-wow-delay=\"0ms\" data-wow-duration=\"1500ms\">\n                            <div class=\"image-box\">\n                                <a href=\"https:\/\/college-international-afnic.org\/?p=2856\">\n\t\t\t\t\t\t\t\t\n\t\t\t\t\t\t\t\t\t\t\t\t\t\t\t\t<img decoding=\"async\" src=\"https:\/\/college-international-afnic.org\/wp-content\/uploads\/2023\/05\/Image2.png\" alt=\"\" title=\"\">\n\t\t\t\t\t\t\t\t\t\t\t\t\t\t\t\t\n\t\t\t\t\t\t\t\t<\/a>\n                            <\/div>\n                            <div class=\"lower-box\">\n                                <div class=\"category\"><\/div>\n                                <h3><a href=\"https:\/\/college-international-afnic.org\/?p=2856\">FGI 2022 &#8211; Un Internet r\u00e9silient pour un avenir partag\u00e9, durable\u00a0et\u00a0commun<\/a><\/h3>\n                                <div class=\"meta-info\">\n                                    <ul class=\"clearfix\">\n                                        <li><a href=\"https:\/\/college-international-afnic.org\/?p=2856\">By admin<\/a><\/li>\n                                        <li><a href=\"https:\/\/college-international-afnic.org\/?p=2856\">mai 17, 2023<\/a><\/li>\n                                    <\/ul>\n                                <\/div>\n                                <div class=\"more-link\"><a href=\"https:\/\/college-international-afnic.org\/?p=2856\"><span class=\"fa fa-arrow-right\"><\/span><\/a><\/div>\n                            <\/div>\n                        <\/div>\n                    <\/div>\n                    \n\t\t\t\t\t\t\t\t\t\t\n                    <div class=\"news-block col-lg-4 col-md-6 col-sm-12\">\n                        <div class=\"inner-box wow fadeInUp\" data-wow-delay=\"0ms\" data-wow-duration=\"1500ms\">\n                            <div class=\"image-box\">\n                                <a href=\"https:\/\/college-international-afnic.org\/?p=2766\">\n\t\t\t\t\t\t\t\t\n\t\t\t\t\t\t\t\t\t\t\t\t\t\t\t\t<img decoding=\"async\" src=\"https:\/\/college-international-afnic.org\/wp-content\/uploads\/2023\/05\/Image1_west_africa.jpg\" alt=\"\" title=\"\">\n\t\t\t\t\t\t\t\t\t\t\t\t\t\t\t\t\n\t\t\t\t\t\t\t\t<\/a>\n                            <\/div>\n                            <div class=\"lower-box\">\n                                <div class=\"category\"><\/div>\n                                <h3><a href=\"https:\/\/college-international-afnic.org\/?p=2766\">Atelier West African IoT \u2013 INP-HB, Abidjan \u2013 16 au 17 nov. 2022<\/a><\/h3>\n                                <div class=\"meta-info\">\n                                    <ul class=\"clearfix\">\n                                        <li><a href=\"https:\/\/college-international-afnic.org\/?p=2766\">By admin<\/a><\/li>\n                                        <li><a href=\"https:\/\/college-international-afnic.org\/?p=2766\">mai 16, 2023<\/a><\/li>\n                                    <\/ul>\n                                <\/div>\n                                <div class=\"more-link\"><a href=\"https:\/\/college-international-afnic.org\/?p=2766\"><span class=\"fa fa-arrow-right\"><\/span><\/a><\/div>\n                            <\/div>\n                        <\/div>\n                    <\/div>\n                    \n\t\t\t\t\t\t\t\t\t\t\n                    <div class=\"news-block col-lg-4 col-md-6 col-sm-12\">\n                        <div class=\"inner-box wow fadeInUp\" data-wow-delay=\"0ms\" data-wow-duration=\"1500ms\">\n                            <div class=\"image-box\">\n                                <a href=\"https:\/\/college-international-afnic.org\/?p=2763\">\n\t\t\t\t\t\t\t\t\n\t\t\t\t\t\t\t\t\t\t\t\t\t\t\t\t<img decoding=\"async\" src=\"https:\/\/college-international-afnic.org\/wp-content\/uploads\/2020\/05\/aqs-e1684272623783.jpg\" alt=\"\" title=\"\">\n\t\t\t\t\t\t\t\t\t\t\t\t\t\t\t\t\n\t\t\t\t\t\t\t\t<\/a>\n                            <\/div>\n                            <div class=\"lower-box\">\n                                <div class=\"category\"><\/div>\n                                <h3><a href=\"https:\/\/college-international-afnic.org\/?p=2763\">Promotion d\u2019une Identit\u00e9 Num\u00e9rique Nationale\u00a0<\/a><\/h3>\n                                <div class=\"meta-info\">\n                                    <ul class=\"clearfix\">\n                                        <li><a href=\"https:\/\/college-international-afnic.org\/?p=2763\">By admin<\/a><\/li>\n                                        <li><a href=\"https:\/\/college-international-afnic.org\/?p=2763\">mai 16, 2023<\/a><\/li>\n                                    <\/ul>\n                                <\/div>\n                                <div class=\"more-link\"><a href=\"https:\/\/college-international-afnic.org\/?p=2763\"><span class=\"fa fa-arrow-right\"><\/span><\/a><\/div>\n                            <\/div>\n                        <\/div>\n                    <\/div>\n                    \n\t\t\t\t\t\t\n\t\t\t\t\n            <\/div>\n\n            <div class=\"load-more link-box\">\n                <a href=\"\" class=\"theme-btn btn-style-two\"><div class=\"btn-title\"><\/div><\/a>\n            <\/div>\n\n        <\/div>\n    <\/section>\n        \t\t<\/div>\n\t\t\t\t<\/div>\n\t\t\t\t\t<\/div>\n\t\t<\/div>\n\t\t\t\t\t\t\t<\/div>\n\t\t<\/section>\n\t\t\t\t<section class=\"elementor-section elementor-top-section elementor-element elementor-element-a84377d elementor-section-stretched elementor-section-full_width elementor-section-height-default elementor-section-height-default\" data-id=\"a84377d\" data-element_type=\"section\" data-settings=\"{&quot;stretch_section&quot;:&quot;section-stretched&quot;}\">\n\t\t\t\t\t\t<div class=\"elementor-container elementor-column-gap-no\">\n\t\t\t\t\t<div class=\"elementor-column elementor-col-100 elementor-top-column elementor-element elementor-element-a9e0608\" data-id=\"a9e0608\" data-element_type=\"column\">\n\t\t\t<div class=\"elementor-widget-wrap elementor-element-populated\">\n\t\t\t\t\t\t\t\t<div class=\"elementor-element elementor-element-9eb0273 elementor-widget elementor-widget-zentec_separator\" data-id=\"9eb0273\" data-element_type=\"widget\" data-widget_type=\"zentec_separator.default\">\n\t\t\t\t<div class=\"elementor-widget-container\">\n\t\t\t<div class=\"theme-separator\"><\/div>\n\t\t\t\t<\/div>\n\t\t\t\t<\/div>\n\t\t\t\t\t<\/div>\n\t\t<\/div>\n\t\t\t\t\t\t\t<\/div>\n\t\t<\/section>\n\t\t\t\t\t\t\t<\/div>\n\t\t","protected":false},"excerpt":{"rendered":"<p>Nos Actualit\u00e9s D\u00e9couvrez les derni\u00e8res actualit\u00e9s du Coll\u00e8ge international de l&rsquo;AFNIC IT Projects Communication pour la promotion d\u2019une Identit\u00e9 Num\u00e9rique Nationale\u00a0: Bujumbura, Novembre 2022 By admin mai 16, 2023 Development [&hellip;]<\/p>\n","protected":false},"author":1,"featured_media":0,"parent":0,"menu_order":0,"comment_status":"closed","ping_status":"closed","template":"tpl-default-elementor.php","meta":{"footnotes":""},"class_list":["post-103","page","type-page","status-publish","hentry"],"_links":{"self":[{"href":"https:\/\/college-international-afnic.org\/index.php?rest_route=\/wp\/v2\/pages\/103","targetHints":{"allow":["GET"]}}],"collection":[{"href":"https:\/\/college-international-afnic.org\/index.php?rest_route=\/wp\/v2\/pages"}],"about":[{"href":"https:\/\/college-international-afnic.org\/index.php?rest_route=\/wp\/v2\/types\/page"}],"author":[{"embeddable":true,"href":"https:\/\/college-international-afnic.org\/index.php?rest_route=\/wp\/v2\/users\/1"}],"replies":[{"embeddable":true,"href":"https:\/\/college-international-afnic.org\/index.php?rest_route=%2Fwp%2Fv2%2Fcomments&post=103"}],"version-history":[{"count":15,"href":"https:\/\/college-international-afnic.org\/index.php?rest_route=\/wp\/v2\/pages\/103\/revisions"}],"predecessor-version":[{"id":2754,"href":"https:\/\/college-international-afnic.org\/index.php?rest_route=\/wp\/v2\/pages\/103\/revisions\/2754"}],"wp:attachment":[{"href":"https:\/\/college-international-afnic.org\/index.php?rest_route=%2Fwp%2Fv2%2Fmedia&parent=103"}],"curies":[{"name":"wp","href":"https:\/\/api.w.org\/{rel}","templated":true}]}}