{"id":2948,"date":"2023-05-25T11:11:29","date_gmt":"2023-05-25T11:11:29","guid":{"rendered":"https:\/\/college-international-afnic.org\/?page_id=2948"},"modified":"2023-05-25T12:00:07","modified_gmt":"2023-05-25T12:00:07","slug":"blog","status":"publish","type":"page","link":"https:\/\/college-international-afnic.org\/?page_id=2948","title":{"rendered":"Blog"},"content":{"rendered":"\t\t<div data-elementor-type=\"wp-page\" data-elementor-id=\"2948\" class=\"elementor elementor-2948\">\n\t\t\t\t\t\t\t\t\t<section class=\"elementor-section elementor-top-section elementor-element elementor-element-b37fb76 elementor-section-full_width elementor-section-height-default elementor-section-height-default\" data-id=\"b37fb76\" data-element_type=\"section\">\n\t\t\t\t\t\t<div class=\"elementor-container elementor-column-gap-no\">\n\t\t\t\t\t<div class=\"elementor-column elementor-col-100 elementor-top-column elementor-element elementor-element-dd4f98b\" data-id=\"dd4f98b\" data-element_type=\"column\">\n\t\t\t<div class=\"elementor-widget-wrap elementor-element-populated\">\n\t\t\t\t\t\t\t\t<div class=\"elementor-element elementor-element-2b53408 elementor-widget__width-inherit elementor-widget elementor-widget-zentec_page_title\" data-id=\"2b53408\" data-element_type=\"widget\" data-widget_type=\"zentec_page_title.default\">\n\t\t\t\t<div class=\"elementor-widget-container\">\n\t\t\t<section class=\" inner-banner\">\n\t<div class=\"banner-curve\" style=\"background-image: url(https:\/\/college-international-afnic.org\/wp-content\/uploads\/2020\/04\/banner-curve.png);\"><\/div>\n\t<div class=\"auto-container\">\n\t\t<div class=\"inner\">\n\t\t\t<div class=\"theme-icon\" style=\"background-image: url(https:\/\/college-international-afnic.org\/wp-content\/uploads\/2020\/04\/theme-icon-5.png);\"><\/div>\n\t\t\t<div class=\"title-box\">\n\t\t\t\t<h1>Blog<\/h1>\n\t\t\t\t<div class=\"d-text\">D\u00e9couvrez le blog du Coll\u00e8ge international de l'AFNIC<\/div>\n\t\t\t<\/div>\n\t\t<\/div>\n\t<\/div>\n<\/section>\n\t\t\t\t<\/div>\n\t\t\t\t<\/div>\n\t\t\t\t\t<\/div>\n\t\t<\/div>\n\t\t\t\t\t\t\t<\/div>\n\t\t<\/section>\n\t\t\t\t<section class=\"elementor-section elementor-top-section elementor-element elementor-element-dc5a7df elementor-section-boxed elementor-section-height-default elementor-section-height-default\" data-id=\"dc5a7df\" data-element_type=\"section\">\n\t\t\t\t\t\t<div class=\"elementor-container elementor-column-gap-default\">\n\t\t\t\t\t<div class=\"elementor-column elementor-col-100 elementor-top-column elementor-element elementor-element-19dd31e\" data-id=\"19dd31e\" data-element_type=\"column\">\n\t\t\t<div class=\"elementor-widget-wrap elementor-element-populated\">\n\t\t\t\t\t\t\t\t<div class=\"elementor-element elementor-element-2a5b1f5 elementor-widget elementor-widget-zentec_h5_blog\" data-id=\"2a5b1f5\" data-element_type=\"widget\" data-widget_type=\"zentec_h5_blog.default\">\n\t\t\t\t<div class=\"elementor-widget-container\">\n\t\t\t\t\n\t\t<section class=\"news-ex-section \">\n\t\t\t<div class=\"auto-container\">\n\t\t\t\t\t\t\t\t<div class=\"row clearfix\">\n\t\t\t\t\t\t\t\t\t\t<div class=\"col-lg-3 col-md-6 col-sm-12 column\">\n\t\t\t\t\t\t<div class=\"news-ex-block wow fadeInUp\" data-wow-delay=\"00ms\" data-wow-duration=\"1500ms\">\n\t\t\t\t\t\t\t<div class=\"inner-box\">\n\t\t\t\t\t\t\t\t<div class=\"image-box\">\n\t\t\t\t\t\t\t\t\t<figure class=\"image\">\n\t\t\t\t\t\t\t\t\t\t<a href=\"blog-single.html\">\n\t\t\t\t\t\t\t\t\t\t\t<img decoding=\"async\" src=\"\" alt=\"\">\n\t\t\t\t\t\t\t\t\t\t<\/a>\n\t\t\t\t\t\t\t\t\t<\/figure>\n\t\t\t\t\t\t\t\t\t<span class=\"post-date\">03 Juin<\/span>\n\t\t\t\t\t\t\t\t<\/div>\n\t\t\t\t\t\t\t\t<div class=\"lower-content\">\n\t\t\t\t\t\t\t\t\t<div class=\"category\">\n\t\t\t\t\t\t\t\t\t\t<a href=\"https:\/\/college-international-afnic.org\/?cat=16\" rel=\"category\">Actualit\u00e9s<\/a>, <a href=\"https:\/\/college-international-afnic.org\/?cat=54\" rel=\"category\">Blog<\/a>\t\t\t\t\t\t\t\t\t<\/div>\n\t\t\t\t\t\t\t\t\t<h4>\n\t\t\t\t\t\t\t\t\t<a href=\"https:\/\/college-international-afnic.org\/?p=3027\">\ud83c\udf10 ICANN83 : Forum de politique \u00e0 Prague \u2013 Une rencontre cl\u00e9 pour les registres de ccTLD<\/a>\n\t\t\t\t\t\t\t\t\t<\/h4>\n\t\t\t\t\t\t\t\t\t<ul class=\"post-info clearfix\">\n\t\t\t\t\t\t\t\t\t\t<li><a href=\"https:\/\/college-international-afnic.org\/?author=2\">College afnic<\/a><\/li>\n\t\t\t\t\t\t\t\t\t\t<li><a href=\"https:\/\/college-international-afnic.org\/?p=3027\">Aucun commentaire<\/a><\/li>\n\t\t\t\t\t\t\t\t\t<\/ul>\n\t\t\t\t\t\t\t\t\t<p>\ud83c\udf10 ICANN83 : Forum de politique \u00e0 Prague \u2013 Une rencontre cl\u00e9 pour les registres de ccTLD La Soci\u00e9t\u00e9 pour l&rsquo;attribution des noms de domaine et des num\u00e9ros sur Internet ...<\/p>\n\t\t\t\t\t\t\t\t\t<div class=\"link\"><a href=\"https:\/\/college-international-afnic.org\/?p=3027\"><i class=\"fa fa-long-arrow-right\"><\/i>Lire plus<\/a><\/div>\n\t\t\t\t\t\t\t\t<\/div>\n\t\t\t\t\t\t\t<\/div>\n\t\t\t\t\t\t<\/div>\n\t\t\t\t\t<\/div>\n\t\t\t\t\t\t\t\t\t\t<div class=\"col-lg-3 col-md-6 col-sm-12 column\">\n\t\t\t\t\t\t<div class=\"news-ex-block wow fadeInUp\" data-wow-delay=\"00ms\" data-wow-duration=\"1500ms\">\n\t\t\t\t\t\t\t<div class=\"inner-box\">\n\t\t\t\t\t\t\t\t<div class=\"image-box\">\n\t\t\t\t\t\t\t\t\t<figure class=\"image\">\n\t\t\t\t\t\t\t\t\t\t<a href=\"blog-single.html\">\n\t\t\t\t\t\t\t\t\t\t\t<img decoding=\"async\" src=\"\" alt=\"\">\n\t\t\t\t\t\t\t\t\t\t<\/a>\n\t\t\t\t\t\t\t\t\t<\/figure>\n\t\t\t\t\t\t\t\t\t<span class=\"post-date\">03 Juin<\/span>\n\t\t\t\t\t\t\t\t<\/div>\n\t\t\t\t\t\t\t\t<div class=\"lower-content\">\n\t\t\t\t\t\t\t\t\t<div class=\"category\">\n\t\t\t\t\t\t\t\t\t\t<a href=\"https:\/\/college-international-afnic.org\/?cat=16\" rel=\"category\">Actualit\u00e9s<\/a>, <a href=\"https:\/\/college-international-afnic.org\/?cat=54\" rel=\"category\">Blog<\/a>\t\t\t\t\t\t\t\t\t<\/div>\n\t\t\t\t\t\t\t\t\t<h4>\n\t\t\t\t\t\t\t\t\t<a href=\"https:\/\/college-international-afnic.org\/?p=3026\">\ud83d\uddf3\ufe0f Assembl\u00e9e G\u00e9n\u00e9rale de l&rsquo;AFNIC : \u00c9lection du Repr\u00e9sentant du Coll\u00e8ge International au Conseil d&rsquo;Administration<\/a>\n\t\t\t\t\t\t\t\t\t<\/h4>\n\t\t\t\t\t\t\t\t\t<ul class=\"post-info clearfix\">\n\t\t\t\t\t\t\t\t\t\t<li><a href=\"https:\/\/college-international-afnic.org\/?author=2\">College afnic<\/a><\/li>\n\t\t\t\t\t\t\t\t\t\t<li><a href=\"https:\/\/college-international-afnic.org\/?p=3026\">Aucun commentaire<\/a><\/li>\n\t\t\t\t\t\t\t\t\t<\/ul>\n\t\t\t\t\t\t\t\t\t<p>\ud83d\uddf3\ufe0f Assembl\u00e9e G\u00e9n\u00e9rale de l&rsquo;AFNIC : \u00c9lection du Repr\u00e9sentant du Coll\u00e8ge International au Conseil d&rsquo;Administration L&rsquo;Assembl\u00e9e G\u00e9n\u00e9rale (AG) de l\u2019AFNIC, qui se tiendra le 6 juin 2025, marquera un moment ...<\/p>\n\t\t\t\t\t\t\t\t\t<div class=\"link\"><a href=\"https:\/\/college-international-afnic.org\/?p=3026\"><i class=\"fa fa-long-arrow-right\"><\/i>Lire plus<\/a><\/div>\n\t\t\t\t\t\t\t\t<\/div>\n\t\t\t\t\t\t\t<\/div>\n\t\t\t\t\t\t<\/div>\n\t\t\t\t\t<\/div>\n\t\t\t\t\t\t\n\t\t\t\t<\/div>\n\t\t\t<\/div>\n\t\t<\/section>\n\t\n        \t\t<\/div>\n\t\t\t\t<\/div>\n\t\t\t\t\t<\/div>\n\t\t<\/div>\n\t\t\t\t\t\t\t<\/div>\n\t\t<\/section>\n\t\t\t\t\t\t\t<\/div>\n\t\t","protected":false},"excerpt":{"rendered":"<p>Blog D\u00e9couvrez le blog du Coll\u00e8ge international de l&rsquo;AFNIC 25 Mai Blog Le .sn prend son envol ! admin Aucun commentaire 2016\u00a0! le .sn s\u2019impose dans le monde des TIC [&hellip;]<\/p>\n","protected":false},"author":1,"featured_media":0,"parent":0,"menu_order":0,"comment_status":"closed","ping_status":"closed","template":"elementor_header_footer","meta":{"footnotes":""},"class_list":["post-2948","page","type-page","status-publish","hentry"],"_links":{"self":[{"href":"https:\/\/college-international-afnic.org\/index.php?rest_route=\/wp\/v2\/pages\/2948","targetHints":{"allow":["GET"]}}],"collection":[{"href":"https:\/\/college-international-afnic.org\/index.php?rest_route=\/wp\/v2\/pages"}],"about":[{"href":"https:\/\/college-international-afnic.org\/index.php?rest_route=\/wp\/v2\/types\/page"}],"author":[{"embeddable":true,"href":"https:\/\/college-international-afnic.org\/index.php?rest_route=\/wp\/v2\/users\/1"}],"replies":[{"embeddable":true,"href":"https:\/\/college-international-afnic.org\/index.php?rest_route=%2Fwp%2Fv2%2Fcomments&post=2948"}],"version-history":[{"count":10,"href":"https:\/\/college-international-afnic.org\/index.php?rest_route=\/wp\/v2\/pages\/2948\/revisions"}],"predecessor-version":[{"id":2981,"href":"https:\/\/college-international-afnic.org\/index.php?rest_route=\/wp\/v2\/pages\/2948\/revisions\/2981"}],"wp:attachment":[{"href":"https:\/\/college-international-afnic.org\/index.php?rest_route=%2Fwp%2Fv2%2Fmedia&parent=2948"}],"curies":[{"name":"wp","href":"https:\/\/api.w.org\/{rel}","templated":true}]}}