{"id":970,"date":"2021-02-22T14:08:03","date_gmt":"2021-02-22T14:08:03","guid":{"rendered":"http:\/\/z.commonsupport.com\/zentec\/?page_id=970"},"modified":"2023-05-25T11:05:49","modified_gmt":"2023-05-25T11:05:49","slug":"nos-projets","status":"publish","type":"page","link":"https:\/\/college-international-afnic.org\/?page_id=970","title":{"rendered":"Nos Projets"},"content":{"rendered":"\t\t<div data-elementor-type=\"wp-page\" data-elementor-id=\"970\" class=\"elementor elementor-970\">\n\t\t\t\t\t\t\t\t\t<section class=\"elementor-section elementor-top-section elementor-element elementor-element-2203987 elementor-section-full_width elementor-section-height-default elementor-section-height-default\" data-id=\"2203987\" data-element_type=\"section\">\n\t\t\t\t\t\t<div class=\"elementor-container elementor-column-gap-default\">\n\t\t\t\t\t<div class=\"elementor-column elementor-col-100 elementor-top-column elementor-element elementor-element-6c698ea\" data-id=\"6c698ea\" data-element_type=\"column\">\n\t\t\t<div class=\"elementor-widget-wrap elementor-element-populated\">\n\t\t\t\t\t\t\t\t<div class=\"elementor-element elementor-element-bfc80e4 elementor-widget__width-inherit elementor-widget elementor-widget-zentec_page_title\" data-id=\"bfc80e4\" data-element_type=\"widget\" data-widget_type=\"zentec_page_title.default\">\n\t\t\t\t<div class=\"elementor-widget-container\">\n\t\t\t<section class=\" inner-banner\">\n\t<div class=\"banner-curve\" style=\"background-image: url(https:\/\/college-international-afnic.org\/wp-content\/uploads\/2020\/04\/banner-curve.png);\"><\/div>\n\t<div class=\"auto-container\">\n\t\t<div class=\"inner\">\n\t\t\t<div class=\"theme-icon\" style=\"background-image: url(https:\/\/college-international-afnic.org\/wp-content\/uploads\/2020\/04\/theme-icon-5.png);\"><\/div>\n\t\t\t<div class=\"title-box\">\n\t\t\t\t<h1>Nos Projets<\/h1>\n\t\t\t\t<div class=\"d-text\">D\u00e9couvrez les projets du Coll\u00e8ge international de l'AFNIC<\/div>\n\t\t\t<\/div>\n\t\t<\/div>\n\t<\/div>\n<\/section>\n\t\t\t\t<\/div>\n\t\t\t\t<\/div>\n\t\t\t\t\t<\/div>\n\t\t<\/div>\n\t\t\t\t\t\t\t<\/div>\n\t\t<\/section>\n\t\t\t\t<section class=\"elementor-section elementor-top-section elementor-element elementor-element-35f770ae elementor-section-full_width elementor-section-height-default elementor-section-height-default\" data-id=\"35f770ae\" data-element_type=\"section\">\n\t\t\t\t\t\t<div class=\"elementor-container elementor-column-gap-no\">\n\t\t\t\t\t<div class=\"elementor-column elementor-col-100 elementor-top-column elementor-element elementor-element-7e13988b\" data-id=\"7e13988b\" data-element_type=\"column\">\n\t\t\t<div class=\"elementor-widget-wrap elementor-element-populated\">\n\t\t\t\t\t\t\t\t<div class=\"elementor-element elementor-element-304ae70 elementor-widget elementor-widget-zentec_h5_blog\" data-id=\"304ae70\" data-element_type=\"widget\" data-widget_type=\"zentec_h5_blog.default\">\n\t\t\t\t<div class=\"elementor-widget-container\">\n\t\t\t\t\n\t\t<section class=\"news-ex-section \">\n\t\t\t<div class=\"auto-container\">\n\t\t\t\t\t\t\t\t<div class=\"row clearfix\">\n\t\t\t\t\t\t\t\t\t\t<div class=\"col-lg-4 col-md-6 col-sm-12 column\">\n\t\t\t\t\t\t<div class=\"news-ex-block wow fadeInUp\" data-wow-delay=\"00ms\" data-wow-duration=\"1500ms\">\n\t\t\t\t\t\t\t<div class=\"inner-box\">\n\t\t\t\t\t\t\t\t<div class=\"image-box\">\n\t\t\t\t\t\t\t\t\t<figure class=\"image\">\n\t\t\t\t\t\t\t\t\t\t<a href=\"blog-single.html\">\n\t\t\t\t\t\t\t\t\t\t\t<img decoding=\"async\" src=\"https:\/\/college-international-afnic.org\/wp-content\/uploads\/2023\/05\/image1-3.jpg\" alt=\"\">\n\t\t\t\t\t\t\t\t\t\t<\/a>\n\t\t\t\t\t\t\t\t\t<\/figure>\n\t\t\t\t\t\t\t\t\t<span class=\"post-date\">23 Mai<\/span>\n\t\t\t\t\t\t\t\t<\/div>\n\t\t\t\t\t\t\t\t<div class=\"lower-content\">\n\t\t\t\t\t\t\t\t\t<div class=\"category\">\n\t\t\t\t\t\t\t\t\t\t<a href=\"https:\/\/college-international-afnic.org\/?cat=17\" rel=\"category\">Projet<\/a>\t\t\t\t\t\t\t\t\t<\/div>\n\t\t\t\t\t\t\t\t\t<h4>\n\t\t\t\t\t\t\t\t\t<a href=\"https:\/\/college-international-afnic.org\/?p=2927\">PROJET PER &#8211; MISE EN PLACE D\u2019UN CADRE DE COLLABORATIONS ENTRE REGISTRES<\/a>\n\t\t\t\t\t\t\t\t\t<\/h4>\n\t\t\t\t\t\t\t\t\t<ul class=\"post-info clearfix\">\n\t\t\t\t\t\t\t\t\t\t<li><a href=\"https:\/\/college-international-afnic.org\/?author=1\">admin<\/a><\/li>\n\t\t\t\t\t\t\t\t\t\t<li><a href=\"https:\/\/college-international-afnic.org\/?p=2927\">Aucun commentaire<\/a><\/li>\n\t\t\t\t\t\t\t\t\t<\/ul>\n\t\t\t\t\t\t\t\t\t<p>De nos jours, les registres de ccTLD, font face \u00e0 des d\u00e9fis majeurs de gestion et d\u2019ancrage sur le march\u00e9 des noms de domaines. &nbsp;Ils se regroupent au niveau international ...<\/p>\n\t\t\t\t\t\t\t\t\t<div class=\"link\"><a href=\"https:\/\/college-international-afnic.org\/?p=2927\"><i class=\"fa fa-long-arrow-right\"><\/i>Lire plus<\/a><\/div>\n\t\t\t\t\t\t\t\t<\/div>\n\t\t\t\t\t\t\t<\/div>\n\t\t\t\t\t\t<\/div>\n\t\t\t\t\t<\/div>\n\t\t\t\t\t\t\t\t\t\t<div class=\"col-lg-4 col-md-6 col-sm-12 column\">\n\t\t\t\t\t\t<div class=\"news-ex-block wow fadeInUp\" data-wow-delay=\"00ms\" data-wow-duration=\"1500ms\">\n\t\t\t\t\t\t\t<div class=\"inner-box\">\n\t\t\t\t\t\t\t\t<div class=\"image-box\">\n\t\t\t\t\t\t\t\t\t<figure class=\"image\">\n\t\t\t\t\t\t\t\t\t\t<a href=\"blog-single.html\">\n\t\t\t\t\t\t\t\t\t\t\t<img decoding=\"async\" src=\"https:\/\/college-international-afnic.org\/wp-content\/uploads\/2023\/05\/Image8-1-e1684335032825.png\" alt=\"\">\n\t\t\t\t\t\t\t\t\t\t<\/a>\n\t\t\t\t\t\t\t\t\t<\/figure>\n\t\t\t\t\t\t\t\t\t<span class=\"post-date\">17 Mai<\/span>\n\t\t\t\t\t\t\t\t<\/div>\n\t\t\t\t\t\t\t\t<div class=\"lower-content\">\n\t\t\t\t\t\t\t\t\t<div class=\"category\">\n\t\t\t\t\t\t\t\t\t\t<a href=\"https:\/\/college-international-afnic.org\/?cat=17\" rel=\"category\">Projet<\/a>\t\t\t\t\t\t\t\t\t<\/div>\n\t\t\t\t\t\t\t\t\t<h4>\n\t\t\t\t\t\t\t\t\t<a href=\"https:\/\/college-international-afnic.org\/?p=2866\">Identit\u00e9 National Num\u00e9rique<\/a>\n\t\t\t\t\t\t\t\t\t<\/h4>\n\t\t\t\t\t\t\t\t\t<ul class=\"post-info clearfix\">\n\t\t\t\t\t\t\t\t\t\t<li><a href=\"https:\/\/college-international-afnic.org\/?author=1\">admin<\/a><\/li>\n\t\t\t\t\t\t\t\t\t\t<li><a href=\"https:\/\/college-international-afnic.org\/?p=2866\">Aucun commentaire<\/a><\/li>\n\t\t\t\t\t\t\t\t\t<\/ul>\n\t\t\t\t\t\t\t\t\t<p>La majorit\u00e9 des professionnels \u2013 publics et priv\u00e9s \u2013 susceptibles d\u2019appara\u00eetre en ligne pr\u00e9f\u00e8re encore opter pour un nom de domaine g\u00e9n\u00e9rique comme le .com ou le .org que pour ...<\/p>\n\t\t\t\t\t\t\t\t\t<div class=\"link\"><a href=\"https:\/\/college-international-afnic.org\/?p=2866\"><i class=\"fa fa-long-arrow-right\"><\/i>Lire plus<\/a><\/div>\n\t\t\t\t\t\t\t\t<\/div>\n\t\t\t\t\t\t\t<\/div>\n\t\t\t\t\t\t<\/div>\n\t\t\t\t\t<\/div>\n\t\t\t\t\t\t\t\t\t\t<div class=\"col-lg-4 col-md-6 col-sm-12 column\">\n\t\t\t\t\t\t<div class=\"news-ex-block wow fadeInUp\" data-wow-delay=\"00ms\" data-wow-duration=\"1500ms\">\n\t\t\t\t\t\t\t<div class=\"inner-box\">\n\t\t\t\t\t\t\t\t<div class=\"image-box\">\n\t\t\t\t\t\t\t\t\t<figure class=\"image\">\n\t\t\t\t\t\t\t\t\t\t<a href=\"blog-single.html\">\n\t\t\t\t\t\t\t\t\t\t\t<img decoding=\"async\" src=\"https:\/\/college-international-afnic.org\/wp-content\/uploads\/2023\/05\/Image1.png\" alt=\"\">\n\t\t\t\t\t\t\t\t\t\t<\/a>\n\t\t\t\t\t\t\t\t\t<\/figure>\n\t\t\t\t\t\t\t\t\t<span class=\"post-date\">17 Mai<\/span>\n\t\t\t\t\t\t\t\t<\/div>\n\t\t\t\t\t\t\t\t<div class=\"lower-content\">\n\t\t\t\t\t\t\t\t\t<div class=\"category\">\n\t\t\t\t\t\t\t\t\t\t<a href=\"https:\/\/college-international-afnic.org\/?cat=17\" rel=\"category\">Projet<\/a>\t\t\t\t\t\t\t\t\t<\/div>\n\t\t\t\t\t\t\t\t\t<h4>\n\t\t\t\t\t\t\t\t\t<a href=\"https:\/\/college-international-afnic.org\/?p=2797\">Observatoire des Noms de Domaine Africains (ONDA)<\/a>\n\t\t\t\t\t\t\t\t\t<\/h4>\n\t\t\t\t\t\t\t\t\t<ul class=\"post-info clearfix\">\n\t\t\t\t\t\t\t\t\t\t<li><a href=\"https:\/\/college-international-afnic.org\/?author=1\">admin<\/a><\/li>\n\t\t\t\t\t\t\t\t\t\t<li><a href=\"https:\/\/college-international-afnic.org\/?p=2797\">Aucun commentaire<\/a><\/li>\n\t\t\t\t\t\t\t\t\t<\/ul>\n\t\t\t\t\t\t\t\t\t<p>Ce projet, consiste \u00e0 mettre en place un Observatoire des Noms de Domaine Africains (ONDA) au sein du Coll\u00e8ge International de l\u2019AFNIC sous la forme d\u2019un m\u00e9canisme efficace qui installerait ...<\/p>\n\t\t\t\t\t\t\t\t\t<div class=\"link\"><a href=\"https:\/\/college-international-afnic.org\/?p=2797\"><i class=\"fa fa-long-arrow-right\"><\/i>Lire plus<\/a><\/div>\n\t\t\t\t\t\t\t\t<\/div>\n\t\t\t\t\t\t\t<\/div>\n\t\t\t\t\t\t<\/div>\n\t\t\t\t\t<\/div>\n\t\t\t\t\t\t\n\t\t\t\t<\/div>\n\t\t\t<\/div>\n\t\t<\/section>\n\t\n        \t\t<\/div>\n\t\t\t\t<\/div>\n\t\t\t\t\t<\/div>\n\t\t<\/div>\n\t\t\t\t\t\t\t<\/div>\n\t\t<\/section>\n\t\t\t\t<section class=\"elementor-section elementor-top-section elementor-element elementor-element-43ff73c elementor-section-boxed elementor-section-height-default elementor-section-height-default\" data-id=\"43ff73c\" data-element_type=\"section\">\n\t\t\t\t\t\t<div class=\"elementor-container elementor-column-gap-default\">\n\t\t\t\t\t<div class=\"elementor-column elementor-col-100 elementor-top-column elementor-element elementor-element-829ac0f\" data-id=\"829ac0f\" data-element_type=\"column\">\n\t\t\t<div class=\"elementor-widget-wrap\">\n\t\t\t\t\t\t\t\t\t<\/div>\n\t\t<\/div>\n\t\t\t\t\t\t\t<\/div>\n\t\t<\/section>\n\t\t\t\t<section class=\"elementor-section elementor-top-section elementor-element elementor-element-40fa5b1 elementor-section-full_width elementor-section-height-default elementor-section-height-default\" data-id=\"40fa5b1\" data-element_type=\"section\" data-settings=\"{&quot;background_background&quot;:&quot;gradient&quot;}\" data-e-bg-lazyload=\".elementor-background-overlay\">\n\t\t\t\t\t\t\t<div class=\"elementor-background-overlay\"><\/div>\n\t\t\t\t\t\t\t<div class=\"elementor-container elementor-column-gap-default\">\n\t\t\t\t\t<div class=\"elementor-column elementor-col-33 elementor-top-column elementor-element elementor-element-2a04537\" data-id=\"2a04537\" data-element_type=\"column\">\n\t\t\t<div class=\"elementor-widget-wrap elementor-element-populated\">\n\t\t\t\t\t\t\t\t<div class=\"elementor-element elementor-element-af47e58 elementor-widget elementor-widget-image\" data-id=\"af47e58\" data-element_type=\"widget\" data-widget_type=\"image.default\">\n\t\t\t\t<div class=\"elementor-widget-container\">\n\t\t\t<style>\/*! elementor - v3.13.2 - 11-05-2023 *\/\n.elementor-widget-image{text-align:center}.elementor-widget-image a{display:inline-block}.elementor-widget-image a img[src$=\".svg\"]{width:48px}.elementor-widget-image img{vertical-align:middle;display:inline-block}<\/style>\t\t\t\t\t\t\t\t\t\t\t\t<img decoding=\"async\" src=\"https:\/\/college-international-afnic.org\/wp-content\/uploads\/elementor\/thumbs\/cropped-college_internatio-1-q6jjj26z0zzviqcm756zyd9snnb0wftgo6t3b7b5ny.png\" title=\"cropped-college_internatio-1.png\" alt=\"cropped-college_internatio-1.png\" loading=\"lazy\" \/>\t\t\t\t\t\t\t\t\t\t\t\t\t\t\t<\/div>\n\t\t\t\t<\/div>\n\t\t\t\t<div class=\"elementor-element elementor-element-734f35e elementor-widget elementor-widget-text-editor\" data-id=\"734f35e\" data-element_type=\"widget\" data-widget_type=\"text-editor.default\">\n\t\t\t\t<div class=\"elementor-widget-container\">\n\t\t\t<style>\/*! elementor - v3.13.2 - 11-05-2023 *\/\n.elementor-widget-text-editor.elementor-drop-cap-view-stacked .elementor-drop-cap{background-color:#69727d;color:#fff}.elementor-widget-text-editor.elementor-drop-cap-view-framed .elementor-drop-cap{color:#69727d;border:3px solid;background-color:transparent}.elementor-widget-text-editor:not(.elementor-drop-cap-view-default) .elementor-drop-cap{margin-top:8px}.elementor-widget-text-editor:not(.elementor-drop-cap-view-default) .elementor-drop-cap-letter{width:1em;height:1em}.elementor-widget-text-editor .elementor-drop-cap{float:left;text-align:center;line-height:1;font-size:50px}.elementor-widget-text-editor .elementor-drop-cap-letter{display:inline-block}<\/style>\t\t\t\t<p>Une coop\u00e9ration multilat\u00e9rale avec les pays en d\u00e9veloppement.<\/p>\t\t\t\t\t\t<\/div>\n\t\t\t\t<\/div>\n\t\t\t\t\t<\/div>\n\t\t<\/div>\n\t\t\t\t<div class=\"elementor-column elementor-col-33 elementor-top-column elementor-element elementor-element-c4161e3\" data-id=\"c4161e3\" data-element_type=\"column\">\n\t\t\t<div class=\"elementor-widget-wrap elementor-element-populated\">\n\t\t\t\t\t\t\t\t<div class=\"elementor-element elementor-element-abd1423 elementor-widget elementor-widget-heading\" data-id=\"abd1423\" data-element_type=\"widget\" data-widget_type=\"heading.default\">\n\t\t\t\t<div class=\"elementor-widget-container\">\n\t\t\t<style>\/*! elementor - v3.13.2 - 11-05-2023 *\/\n.elementor-heading-title{padding:0;margin:0;line-height:1}.elementor-widget-heading .elementor-heading-title[class*=elementor-size-]>a{color:inherit;font-size:inherit;line-height:inherit}.elementor-widget-heading .elementor-heading-title.elementor-size-small{font-size:15px}.elementor-widget-heading .elementor-heading-title.elementor-size-medium{font-size:19px}.elementor-widget-heading .elementor-heading-title.elementor-size-large{font-size:29px}.elementor-widget-heading .elementor-heading-title.elementor-size-xl{font-size:39px}.elementor-widget-heading .elementor-heading-title.elementor-size-xxl{font-size:59px}<\/style><h2 class=\"elementor-heading-title elementor-size-default\">Adresse<\/h2>\t\t<\/div>\n\t\t\t\t<\/div>\n\t\t\t\t<div class=\"elementor-element elementor-element-ba5be1a elementor-widget elementor-widget-text-editor\" data-id=\"ba5be1a\" data-element_type=\"widget\" data-widget_type=\"text-editor.default\">\n\t\t\t\t<div class=\"elementor-widget-container\">\n\t\t\t\t\t\t\t<p><a>Association Fran\u00e7aise pour le Nommage Internet en Coop\u00e9ration<\/a><\/p><ul class=\"footer-list\"><li><a>Immeuble Stephenson, 1 -3 rue Stephenson<\/a><\/li><li><a>78180 Montigny-le-Bretonneux, France<\/a><\/li><\/ul>\t\t\t\t\t\t<\/div>\n\t\t\t\t<\/div>\n\t\t\t\t\t<\/div>\n\t\t<\/div>\n\t\t\t\t<div class=\"elementor-column elementor-col-33 elementor-top-column elementor-element elementor-element-8364f12\" data-id=\"8364f12\" data-element_type=\"column\">\n\t\t\t<div class=\"elementor-widget-wrap elementor-element-populated\">\n\t\t\t\t\t\t\t\t<div class=\"elementor-element elementor-element-1f5e8e4 elementor-widget elementor-widget-heading\" data-id=\"1f5e8e4\" data-element_type=\"widget\" data-widget_type=\"heading.default\">\n\t\t\t\t<div class=\"elementor-widget-container\">\n\t\t\t<h2 class=\"elementor-heading-title elementor-size-default\">Contacte<\/h2>\t\t<\/div>\n\t\t\t\t<\/div>\n\t\t\t\t<div class=\"elementor-element elementor-element-abaca46 elementor-widget elementor-widget-text-editor\" data-id=\"abaca46\" data-element_type=\"widget\" data-widget_type=\"text-editor.default\">\n\t\t\t\t<div class=\"elementor-widget-container\">\n\t\t\t\t\t\t\t<ul class=\"footer-list\"><li><strong>+33 (0)1 39 30 83 00<\/strong><\/li><li><strong>757 567 00030<\/strong><\/li><li><strong>APE 6311Z &#8211; TVA N\u00b0 FR 72 414 757 567<\/strong><\/li><\/ul>\t\t\t\t\t\t<\/div>\n\t\t\t\t<\/div>\n\t\t\t\t\t<\/div>\n\t\t<\/div>\n\t\t\t\t\t\t\t<\/div>\n\t\t<\/section>\n\t\t\t\t<section class=\"elementor-section elementor-top-section elementor-element elementor-element-737e5b5 elementor-section-boxed elementor-section-height-default elementor-section-height-default\" data-id=\"737e5b5\" data-element_type=\"section\" data-settings=\"{&quot;background_background&quot;:&quot;gradient&quot;}\" data-e-bg-lazyload=\".elementor-background-overlay\">\n\t\t\t\t\t\t\t<div class=\"elementor-background-overlay\"><\/div>\n\t\t\t\t\t\t\t<div class=\"elementor-container elementor-column-gap-default\">\n\t\t\t\t\t<div class=\"elementor-column elementor-col-100 elementor-top-column elementor-element elementor-element-d0f2c62\" data-id=\"d0f2c62\" data-element_type=\"column\">\n\t\t\t<div class=\"elementor-widget-wrap elementor-element-populated\">\n\t\t\t\t\t\t\t\t<div class=\"elementor-element elementor-element-bcc5763 elementor-widget elementor-widget-text-editor\" data-id=\"bcc5763\" data-element_type=\"widget\" data-widget_type=\"text-editor.default\">\n\t\t\t\t<div class=\"elementor-widget-container\">\n\t\t\t\t\t\t\t<div class=\"elementor elementor-288\" data-elementor-type=\"section\" data-elementor-id=\"288\"><section class=\"elementor-section elementor-top-section elementor-element elementor-element-5b195579 elementor-section-stretched elementor-section-full_width elementor-section-height-default elementor-section-height-default\" data-id=\"5b195579\" data-element_type=\"section\" data-settings=\"{&quot;stretch_section&quot;:&quot;section-stretched&quot;,&quot;background_background&quot;:&quot;classic&quot;}\"><div class=\"elementor-container elementor-column-gap-no\"><div class=\"elementor-column elementor-col-100 elementor-top-column elementor-element elementor-element-546b5cfb\" data-id=\"546b5cfb\" data-element_type=\"column\" data-settings=\"{&quot;background_background&quot;:&quot;classic&quot;}\"><div class=\"elementor-widget-wrap elementor-element-populated\"><div class=\"elementor-element elementor-element-7fdf817f elementor-widget elementor-widget-zentec_footer\" data-id=\"7fdf817f\" data-element_type=\"widget\" data-widget_type=\"zentec_footer.default\"><div class=\"elementor-widget-container\"><footer class=\" main-footer\"><div class=\"footer-bottom\"><div class=\"auto-container\"><div class=\"inner\"><div class=\"copyright\">\u00a9 2021\u00a0<b>Coll\u00e8ge international afnic<\/b>. Tous droits r\u00e9serv\u00e9s.<\/div><div class=\"copyright\"><a href=\"https:\/\/it-num.com\/\">R\u00e9alis\u00e9s par IT-NUM<\/a><\/div><\/div><\/div><\/div><\/footer><\/div><\/div><\/div><\/div><\/div><\/section><\/div><div class=\"scroll-to-top scroll-to-target\" data-target=\"html\">\u00a0<\/div>\t\t\t\t\t\t<\/div>\n\t\t\t\t<\/div>\n\t\t\t\t\t<\/div>\n\t\t<\/div>\n\t\t\t\t\t\t\t<\/div>\n\t\t<\/section>\n\t\t\t\t\t\t\t<\/div>\n\t\t","protected":false},"excerpt":{"rendered":"<p>Nos Projets D\u00e9couvrez les projets du Coll\u00e8ge international de l&rsquo;AFNIC 23 Mai Projet PROJET PER &#8211; MISE EN PLACE D\u2019UN CADRE DE COLLABORATIONS ENTRE REGISTRES admin Aucun commentaire De nos [&hellip;]<\/p>\n","protected":false},"author":1,"featured_media":0,"parent":0,"menu_order":0,"comment_status":"closed","ping_status":"closed","template":"elementor_header_footer","meta":{"footnotes":""},"class_list":["post-970","page","type-page","status-publish","hentry"],"_links":{"self":[{"href":"https:\/\/college-international-afnic.org\/index.php?rest_route=\/wp\/v2\/pages\/970","targetHints":{"allow":["GET"]}}],"collection":[{"href":"https:\/\/college-international-afnic.org\/index.php?rest_route=\/wp\/v2\/pages"}],"about":[{"href":"https:\/\/college-international-afnic.org\/index.php?rest_route=\/wp\/v2\/types\/page"}],"author":[{"embeddable":true,"href":"https:\/\/college-international-afnic.org\/index.php?rest_route=\/wp\/v2\/users\/1"}],"replies":[{"embeddable":true,"href":"https:\/\/college-international-afnic.org\/index.php?rest_route=%2Fwp%2Fv2%2Fcomments&post=970"}],"version-history":[{"count":22,"href":"https:\/\/college-international-afnic.org\/index.php?rest_route=\/wp\/v2\/pages\/970\/revisions"}],"predecessor-version":[{"id":2947,"href":"https:\/\/college-international-afnic.org\/index.php?rest_route=\/wp\/v2\/pages\/970\/revisions\/2947"}],"wp:attachment":[{"href":"https:\/\/college-international-afnic.org\/index.php?rest_route=%2Fwp%2Fv2%2Fmedia&parent=970"}],"curies":[{"name":"wp","href":"https:\/\/api.w.org\/{rel}","templated":true}]}}